{"id":176,"date":"2024-03-05T15:20:37","date_gmt":"2024-03-05T15:20:37","guid":{"rendered":"https:\/\/equalpaynwt.ca\/?page_id=176"},"modified":"2024-03-28T16:54:25","modified_gmt":"2024-03-28T16:54:25","slug":"ressources","status":"publish","type":"page","link":"https:\/\/equalpaynwt.ca\/fr\/ressources\/","title":{"rendered":"Ressources"},"content":{"rendered":"\n<p>Weiner, Nan., et Morley Gunderson. <em>Pay Equity\u202f: Issues, Options and Experiences.<\/em> Toronto: Butterworths, 1990. \u00c9dition imprim\u00e9e.<\/p>\n\n\n\n<p>Bilson, Beth. <a href=\"https:\/\/publications.gc.ca\/collections\/Collection\/J2-191-2003F.pdf\" target=\"_blank\" rel=\"noreferrer noopener\">L\u2019\u00e9quit\u00e9 salariale : une nouvelle approche \u00e0 un droit fondamental<\/a>. Ottawa: Groupe de travail sur l\u2019\u00e9quit\u00e9 salariale, 2004. \u00c9dition imprim\u00e9e.<\/p>\n\n\n\n<p>Nouveau Brunswick : <a href=\"https:\/\/www2.gnb.ca\/content\/gnb\/fr\/corporate\/promo\/bureau_de_lequite_salariale.html\" target=\"_blank\" rel=\"noreferrer noopener\">Bureau de l&rsquo;\u00e9quit\u00e9 salariale<\/a><\/p>\n\n\n\n<p>Ontario : <a href=\"https:\/\/payequity.gov.on.ca\/_fr-home-2022\/?lang=fr\" target=\"_blank\" rel=\"noreferrer noopener\">Bureau de l\u2019\u00e9quit\u00e9 salariale<\/a><\/p>\n\n\n\n<p>Canada : <a href=\"https:\/\/www.payequitychrc.ca\/fr\" target=\"_blank\" rel=\"noreferrer noopener\">Bureau de la commissaire \u00e0 l\u2019\u00e9quit\u00e9 salariale<\/a><\/p>\n\n\n\n<p>Qu\u00e9bec : <a href=\"https:\/\/www.cnesst.gouv.qc.ca\/fr\/equite-salariale\" target=\"_blank\" rel=\"noreferrer noopener\">Commission des normes, de l\u2019\u00e9quit\u00e9, de la sant\u00e9 et de la s\u00e9curit\u00e9 au travail<\/a> (CNESST)<\/p>\n\n\n\n<p><a href=\"https:\/\/www.canlii.org\/fr\/#search\/text=\u00e9quit\u00e9%20salariale\" target=\"_blank\" rel=\"noreferrer noopener\">Canlii.org<\/a><\/p>\n","protected":false},"excerpt":{"rendered":"<p>Weiner, Nan., et Morley Gunderson. Pay Equity\u202f: Issues, Options and Experiences. Toronto: Butterworths, 1990. \u00c9dition imprim\u00e9e. Bilson, Beth. L\u2019\u00e9quit\u00e9 salariale : une nouvelle approche \u00e0 un droit fondamental. Ottawa: Groupe de travail sur l\u2019\u00e9quit\u00e9 salariale, 2004. \u00c9dition imprim\u00e9e. Nouveau Brunswick : Bureau de l&rsquo;\u00e9quit\u00e9 salariale Ontario : Bureau de l\u2019\u00e9quit\u00e9 salariale Canada : Bureau de &#8230; <a title=\"Ressources\" class=\"read-more\" href=\"https:\/\/equalpaynwt.ca\/fr\/ressources\/\" aria-label=\"En savoir plus sur Ressources\">Lire plus<\/a><\/p>\n","protected":false},"author":15,"featured_media":0,"parent":0,"menu_order":0,"comment_status":"closed","ping_status":"closed","template":"","meta":{"footnotes":""},"class_list":["post-176","page","type-page","status-publish"],"yoast_head":"<!-- This site is optimized with the Yoast SEO plugin v27.3 - https:\/\/yoast.com\/product\/yoast-seo-wordpress\/ -->\n<title>Ressources - La Commissaire \u00e0 l&#039;\u00c9quit\u00e9 Salariale Territoires du Nord-Ouest<\/title>\n<meta name=\"robots\" content=\"index, follow, max-snippet:-1, max-image-preview:large, max-video-preview:-1\" \/>\n<link rel=\"canonical\" href=\"https:\/\/equalpaynwt.ca\/fr\/ressources\/\" \/>\n<meta property=\"og:locale\" content=\"fr_FR\" \/>\n<meta property=\"og:type\" content=\"article\" \/>\n<meta property=\"og:title\" content=\"Ressources - La Commissaire \u00e0 l&#039;\u00c9quit\u00e9 Salariale Territoires du Nord-Ouest\" \/>\n<meta property=\"og:description\" content=\"Weiner, Nan., et Morley Gunderson. Pay Equity\u202f: Issues, Options and Experiences. Toronto: Butterworths, 1990. \u00c9dition imprim\u00e9e. Bilson, Beth. L\u2019\u00e9quit\u00e9 salariale : une nouvelle approche \u00e0 un droit fondamental. Ottawa: Groupe de travail sur l\u2019\u00e9quit\u00e9 salariale, 2004. \u00c9dition imprim\u00e9e. Nouveau Brunswick : Bureau de l&rsquo;\u00e9quit\u00e9 salariale Ontario : Bureau de l\u2019\u00e9quit\u00e9 salariale Canada : Bureau de ... Lire plus\" \/>\n<meta property=\"og:url\" content=\"https:\/\/equalpaynwt.ca\/fr\/ressources\/\" \/>\n<meta property=\"og:site_name\" content=\"La Commissaire \u00e0 l&#039;\u00c9quit\u00e9 Salariale Territoires du Nord-Ouest\" \/>\n<meta property=\"article:modified_time\" content=\"2024-03-28T16:54:25+00:00\" \/>\n<meta name=\"twitter:card\" content=\"summary_large_image\" \/>\n<meta name=\"twitter:label1\" content=\"Dur\u00e9e de lecture estim\u00e9e\" \/>\n\t<meta name=\"twitter:data1\" content=\"1 minute\" \/>\n<script type=\"application\/ld+json\" class=\"yoast-schema-graph\">{\"@context\":\"https:\\\/\\\/schema.org\",\"@graph\":[{\"@type\":\"WebPage\",\"@id\":\"https:\\\/\\\/equalpaynwt.ca\\\/fr\\\/ressources\\\/\",\"url\":\"https:\\\/\\\/equalpaynwt.ca\\\/fr\\\/ressources\\\/\",\"name\":\"Ressources - La Commissaire \u00e0 l'\u00c9quit\u00e9 Salariale Territoires du Nord-Ouest\",\"isPartOf\":{\"@id\":\"https:\\\/\\\/equalpaynwt.ca\\\/fr\\\/#website\"},\"datePublished\":\"2024-03-05T15:20:37+00:00\",\"dateModified\":\"2024-03-28T16:54:25+00:00\",\"breadcrumb\":{\"@id\":\"https:\\\/\\\/equalpaynwt.ca\\\/fr\\\/ressources\\\/#breadcrumb\"},\"inLanguage\":\"fr-FR\",\"potentialAction\":[{\"@type\":\"ReadAction\",\"target\":[\"https:\\\/\\\/equalpaynwt.ca\\\/fr\\\/ressources\\\/\"]}]},{\"@type\":\"BreadcrumbList\",\"@id\":\"https:\\\/\\\/equalpaynwt.ca\\\/fr\\\/ressources\\\/#breadcrumb\",\"itemListElement\":[{\"@type\":\"ListItem\",\"position\":1,\"name\":\"Accueil\",\"item\":\"https:\\\/\\\/equalpaynwt.ca\\\/fr\\\/accueil\\\/\"},{\"@type\":\"ListItem\",\"position\":2,\"name\":\"Ressources\"}]},{\"@type\":\"WebSite\",\"@id\":\"https:\\\/\\\/equalpaynwt.ca\\\/fr\\\/#website\",\"url\":\"https:\\\/\\\/equalpaynwt.ca\\\/fr\\\/\",\"name\":\"La Commissaire \u00e0 l'\u00c9quit\u00e9 Salariale Territoires du Nord-Ouest\",\"description\":\"\",\"publisher\":{\"@id\":\"https:\\\/\\\/equalpaynwt.ca\\\/fr\\\/#organization\"},\"potentialAction\":[{\"@type\":\"SearchAction\",\"target\":{\"@type\":\"EntryPoint\",\"urlTemplate\":\"https:\\\/\\\/equalpaynwt.ca\\\/fr\\\/?s={search_term_string}\"},\"query-input\":{\"@type\":\"PropertyValueSpecification\",\"valueRequired\":true,\"valueName\":\"search_term_string\"}}],\"inLanguage\":\"fr-FR\"},{\"@type\":\"Organization\",\"@id\":\"https:\\\/\\\/equalpaynwt.ca\\\/fr\\\/#organization\",\"name\":\"La Commissaire \u00e0 l'\u00c9quit\u00e9 Salariale Territoires du Nord-Ouest\",\"url\":\"https:\\\/\\\/equalpaynwt.ca\\\/fr\\\/\",\"logo\":{\"@type\":\"ImageObject\",\"inLanguage\":\"fr-FR\",\"@id\":\"https:\\\/\\\/equalpaynwt.ca\\\/fr\\\/#\\\/schema\\\/logo\\\/image\\\/\",\"url\":\"https:\\\/\\\/equalpaynwt.ca\\\/wp-content\\\/uploads\\\/sites\\\/8\\\/2024\\\/04\\\/NWT-EPC-FR-Crimson-Horizontal-cropped-1.png\",\"contentUrl\":\"https:\\\/\\\/equalpaynwt.ca\\\/wp-content\\\/uploads\\\/sites\\\/8\\\/2024\\\/04\\\/NWT-EPC-FR-Crimson-Horizontal-cropped-1.png\",\"width\":735,\"height\":250,\"caption\":\"La Commissaire \u00e0 l'\u00c9quit\u00e9 Salariale Territoires du Nord-Ouest\"},\"image\":{\"@id\":\"https:\\\/\\\/equalpaynwt.ca\\\/fr\\\/#\\\/schema\\\/logo\\\/image\\\/\"}}]}<\/script>\n<!-- \/ Yoast SEO plugin. -->","yoast_head_json":{"title":"Ressources - La Commissaire \u00e0 l'\u00c9quit\u00e9 Salariale Territoires du Nord-Ouest","robots":{"index":"index","follow":"follow","max-snippet":"max-snippet:-1","max-image-preview":"max-image-preview:large","max-video-preview":"max-video-preview:-1"},"canonical":"https:\/\/equalpaynwt.ca\/fr\/ressources\/","og_locale":"fr_FR","og_type":"article","og_title":"Ressources - La Commissaire \u00e0 l'\u00c9quit\u00e9 Salariale Territoires du Nord-Ouest","og_description":"Weiner, Nan., et Morley Gunderson. Pay Equity\u202f: Issues, Options and Experiences. Toronto: Butterworths, 1990. \u00c9dition imprim\u00e9e. Bilson, Beth. L\u2019\u00e9quit\u00e9 salariale : une nouvelle approche \u00e0 un droit fondamental. Ottawa: Groupe de travail sur l\u2019\u00e9quit\u00e9 salariale, 2004. \u00c9dition imprim\u00e9e. Nouveau Brunswick : Bureau de l&rsquo;\u00e9quit\u00e9 salariale Ontario : Bureau de l\u2019\u00e9quit\u00e9 salariale Canada : Bureau de ... Lire plus","og_url":"https:\/\/equalpaynwt.ca\/fr\/ressources\/","og_site_name":"La Commissaire \u00e0 l'\u00c9quit\u00e9 Salariale Territoires du Nord-Ouest","article_modified_time":"2024-03-28T16:54:25+00:00","twitter_card":"summary_large_image","twitter_misc":{"Dur\u00e9e de lecture estim\u00e9e":"1 minute"},"schema":{"@context":"https:\/\/schema.org","@graph":[{"@type":"WebPage","@id":"https:\/\/equalpaynwt.ca\/fr\/ressources\/","url":"https:\/\/equalpaynwt.ca\/fr\/ressources\/","name":"Ressources - La Commissaire \u00e0 l'\u00c9quit\u00e9 Salariale Territoires du Nord-Ouest","isPartOf":{"@id":"https:\/\/equalpaynwt.ca\/fr\/#website"},"datePublished":"2024-03-05T15:20:37+00:00","dateModified":"2024-03-28T16:54:25+00:00","breadcrumb":{"@id":"https:\/\/equalpaynwt.ca\/fr\/ressources\/#breadcrumb"},"inLanguage":"fr-FR","potentialAction":[{"@type":"ReadAction","target":["https:\/\/equalpaynwt.ca\/fr\/ressources\/"]}]},{"@type":"BreadcrumbList","@id":"https:\/\/equalpaynwt.ca\/fr\/ressources\/#breadcrumb","itemListElement":[{"@type":"ListItem","position":1,"name":"Accueil","item":"https:\/\/equalpaynwt.ca\/fr\/accueil\/"},{"@type":"ListItem","position":2,"name":"Ressources"}]},{"@type":"WebSite","@id":"https:\/\/equalpaynwt.ca\/fr\/#website","url":"https:\/\/equalpaynwt.ca\/fr\/","name":"La Commissaire \u00e0 l'\u00c9quit\u00e9 Salariale Territoires du Nord-Ouest","description":"","publisher":{"@id":"https:\/\/equalpaynwt.ca\/fr\/#organization"},"potentialAction":[{"@type":"SearchAction","target":{"@type":"EntryPoint","urlTemplate":"https:\/\/equalpaynwt.ca\/fr\/?s={search_term_string}"},"query-input":{"@type":"PropertyValueSpecification","valueRequired":true,"valueName":"search_term_string"}}],"inLanguage":"fr-FR"},{"@type":"Organization","@id":"https:\/\/equalpaynwt.ca\/fr\/#organization","name":"La Commissaire \u00e0 l'\u00c9quit\u00e9 Salariale Territoires du Nord-Ouest","url":"https:\/\/equalpaynwt.ca\/fr\/","logo":{"@type":"ImageObject","inLanguage":"fr-FR","@id":"https:\/\/equalpaynwt.ca\/fr\/#\/schema\/logo\/image\/","url":"https:\/\/equalpaynwt.ca\/wp-content\/uploads\/sites\/8\/2024\/04\/NWT-EPC-FR-Crimson-Horizontal-cropped-1.png","contentUrl":"https:\/\/equalpaynwt.ca\/wp-content\/uploads\/sites\/8\/2024\/04\/NWT-EPC-FR-Crimson-Horizontal-cropped-1.png","width":735,"height":250,"caption":"La Commissaire \u00e0 l'\u00c9quit\u00e9 Salariale Territoires du Nord-Ouest"},"image":{"@id":"https:\/\/equalpaynwt.ca\/fr\/#\/schema\/logo\/image\/"}}]}},"_links":{"self":[{"href":"https:\/\/equalpaynwt.ca\/fr\/wp-json\/wp\/v2\/pages\/176","targetHints":{"allow":["GET"]}}],"collection":[{"href":"https:\/\/equalpaynwt.ca\/fr\/wp-json\/wp\/v2\/pages"}],"about":[{"href":"https:\/\/equalpaynwt.ca\/fr\/wp-json\/wp\/v2\/types\/page"}],"author":[{"embeddable":true,"href":"https:\/\/equalpaynwt.ca\/fr\/wp-json\/wp\/v2\/users\/15"}],"replies":[{"embeddable":true,"href":"https:\/\/equalpaynwt.ca\/fr\/wp-json\/wp\/v2\/comments?post=176"}],"version-history":[{"count":2,"href":"https:\/\/equalpaynwt.ca\/fr\/wp-json\/wp\/v2\/pages\/176\/revisions"}],"predecessor-version":[{"id":179,"href":"https:\/\/equalpaynwt.ca\/fr\/wp-json\/wp\/v2\/pages\/176\/revisions\/179"}],"wp:attachment":[{"href":"https:\/\/equalpaynwt.ca\/fr\/wp-json\/wp\/v2\/media?parent=176"}],"curies":[{"name":"wp","href":"https:\/\/api.w.org\/{rel}","templated":true}]}}